{"id":4170,"date":"2017-07-02T03:41:34","date_gmt":"2017-07-02T03:41:34","guid":{"rendered":"http:\/\/businesslounge-elementor.rtthemes.com\/?page_id=4170"},"modified":"2024-12-18T16:30:01","modified_gmt":"2024-12-18T16:30:01","slug":"about-us-ii","status":"publish","type":"page","link":"https:\/\/globalconnect.info.pl\/?page_id=4170","title":{"rendered":"O Nas"},"content":{"rendered":"\t\t<div data-elementor-type=\"wp-post\" data-elementor-id=\"4170\" class=\"elementor elementor-4170\">\n\t\t\t\t\t\t<section class=\"elementor-section elementor-top-section elementor-element elementor-element-u8x6xor elementor-section-boxed elementor-section-height-default elementor-section-height-default default-style\" data-id=\"u8x6xor\" data-element_type=\"section\" data-e-type=\"section\" data-settings=\"{&quot;rt_color_sets&quot;:&quot;default-style&quot;}\">\n\t\t\t\t\t\t<div class=\"elementor-container elementor-column-gap-default\">\n\t\t\t\t\t<div class=\"elementor-column elementor-col-50 elementor-top-column elementor-element elementor-element-kaiaqjg\" data-id=\"kaiaqjg\" data-element_type=\"column\" data-e-type=\"column\">\n\t\t\t<div class=\"elementor-widget-wrap elementor-element-populated\">\n\t\t\t\t\t\t<div class=\"elementor-element elementor-element-kfxnstj elementor-widget elementor-widget-rt-heading\" data-id=\"kfxnstj\" data-element_type=\"widget\" data-e-type=\"widget\" data-widget_type=\"rt-heading.default\">\n\t\t\t\t<div class=\"elementor-widget-container\">\n\t\t\t\t\t<div class=\"rt-heading-wrapper style-2\">\n\t\t\t\t\t\t<H4 class=\"rt-heading style-2\" >O Nas<\/H4>\n\t\t\t\t\t<\/div>\t\t\t\t<\/div>\n\t\t\t\t<\/div>\n\t\t\t\t\t<\/div>\n\t\t<\/div>\n\t\t\t\t<div class=\"elementor-column elementor-col-50 elementor-top-column elementor-element elementor-element-a9l6fvo\" data-id=\"a9l6fvo\" data-element_type=\"column\" data-e-type=\"column\">\n\t\t\t<div class=\"elementor-widget-wrap elementor-element-populated\">\n\t\t\t\t\t\t<div class=\"elementor-element elementor-element-hqsvxet elementor-widget elementor-widget-text-editor\" data-id=\"hqsvxet\" data-element_type=\"widget\" data-e-type=\"widget\" data-widget_type=\"text-editor.default\">\n\t\t\t\t<div class=\"elementor-widget-container\">\n\t\t\t\t\t\t\t\t\t<p><strong>Poland Global Connect<\/strong> to nowoczesna platforma stworzona z my\u015bl\u0105 o polskich przedsi\u0119biorcach, kt\u00f3rzy chc\u0105 zaistnie\u0107 na rynkach mi\u0119dzynarodowych. Inicjatywa ta odpowiada na potrzeby wsp\u00f3\u0142czesnego biznesu, wspieraj\u0105c polskie firmy w promocji za granic\u0105 oraz w dzia\u0142aniach z zakresu dyplomacji gospodarczej. Poland Global Connect to odpowied\u017a na globalne wyzwania i nowe perspektywy rozwoju dla polskich marek.<\/p>\t\t\t\t\t\t\t\t<\/div>\n\t\t\t\t<\/div>\n\t\t\t\t\t<\/div>\n\t\t<\/div>\n\t\t\t\t\t<\/div>\n\t\t<\/section>\n\t\t\t\t<section class=\"elementor-section elementor-top-section elementor-element elementor-element-d248b01 elementor-section-boxed elementor-section-height-default elementor-section-height-default default-style\" data-id=\"d248b01\" data-element_type=\"section\" data-e-type=\"section\" data-settings=\"{&quot;rt_color_sets&quot;:&quot;default-style&quot;}\">\n\t\t\t\t\t\t<div class=\"elementor-container elementor-column-gap-default\">\n\t\t\t\t\t<div class=\"elementor-column elementor-col-50 elementor-top-column elementor-element elementor-element-66e9440\" data-id=\"66e9440\" data-element_type=\"column\" data-e-type=\"column\">\n\t\t\t<div class=\"elementor-widget-wrap elementor-element-populated\">\n\t\t\t\t\t\t<div class=\"elementor-element elementor-element-b254380 elementor-widget elementor-widget-rt-heading\" data-id=\"b254380\" data-element_type=\"widget\" data-e-type=\"widget\" data-widget_type=\"rt-heading.default\">\n\t\t\t\t<div class=\"elementor-widget-container\">\n\t\t\t\t\t<div class=\"rt-heading-wrapper style-2\">\n\t\t\t\t\t\t<H4 class=\"rt-heading style-2\" >Wizja<\/H4>\n\t\t\t\t\t<\/div>\t\t\t\t<\/div>\n\t\t\t\t<\/div>\n\t\t\t\t\t<\/div>\n\t\t<\/div>\n\t\t\t\t<div class=\"elementor-column elementor-col-50 elementor-top-column elementor-element elementor-element-64d1296\" data-id=\"64d1296\" data-element_type=\"column\" data-e-type=\"column\">\n\t\t\t<div class=\"elementor-widget-wrap elementor-element-populated\">\n\t\t\t\t\t\t<div class=\"elementor-element elementor-element-2b903bf elementor-widget elementor-widget-text-editor\" data-id=\"2b903bf\" data-element_type=\"widget\" data-e-type=\"widget\" data-widget_type=\"text-editor.default\">\n\t\t\t\t<div class=\"elementor-widget-container\">\n\t\t\t\t\t\t\t\t\t<p><span style=\"font-weight: 400;\">PGC jest tworzone przez ludzi, kt\u00f3rzy od blisko dekady pracuj\u0105 na rzecz rozwoju relacji gospodarczych Polski <br \/>z pa\u0144stwami obszaru MENA (Bliski Wsch\u00f3d i Afryka P\u00f3\u0142nocna). W toku naszej dzia\u0142alno\u015bci odbyli\u015bmy tysi\u0105ce spotka\u0144 z polskimi i zagranicznymi przedsi\u0119biorcami oraz przedstawicielami sektora administracji publicznej; zorganizowali\u015bmy setki spotka\u0144 B2B i B2G oraz kilkana\u015bcie mi\u0119dzynarodowych konferencji, for\u00f3w i wydarze\u0144 biznesowych. W tym czasie stworzyli\u015bmy dla polskich firm mo\u017cliwo\u015bci biznesowe si\u0119gaj\u0105ce dziesi\u0105tk\u00f3w milion\u00f3w dolar\u00f3w. Jako jedyni przedstawiciele sektora pozarz\u0105dowego byli\u015bmy obecni w Dubaju przez ca\u0142y czas trwania \u015awiatowej Wystawy Expo, gdzie w pocie czo\u0142a pracowali\u015bmy na rzecz polskich firm i mogli\u015bmy \u201cna \u017cywo\u201d zmapowa\u0107 problemy, z jakimi mierz\u0105 si\u0119 one na co dzie\u0144\u00a0 w dzia\u0142alno\u015bci mi\u0119dzynarodowej.<\/span><\/p><p><span style=\"font-weight: 400;\">Przez dwa lata prowadzili\u015bmy w Zjednoczonych Emiratach Arabskich w\u0142asny showroom w specjalnej strefie ekonomicznej \u201cDubai Global Connect\u201d, kt\u00f3ra w wizji jej tw\u00f3rc\u00f3w, w najbli\u017cszych latach ma sta\u0107 si\u0119 centrum globalnego handlu w niestabilnym i nieprzewidywalnym \u015bwiecie. Zebrali\u015bmy tam niezb\u0119dne do\u015bwiadczenie <br \/>i wyci\u0105gn\u0119li\u015bmy wnioski, kt\u00f3re zaadoptowali\u015bmy na potrzeby i portfele polskich firm. Tak narodzi\u0142a si\u0119 wizja \u201cPoland Global Connect\u201d &#8211; sieci polskich \u201cambasad gospodarczych\u201d w Azji i Afryce. \u00a0 <\/span><\/p>\t\t\t\t\t\t\t\t<\/div>\n\t\t\t\t<\/div>\n\t\t\t\t\t<\/div>\n\t\t<\/div>\n\t\t\t\t\t<\/div>\n\t\t<\/section>\n\t\t\t\t<section class=\"elementor-section elementor-top-section elementor-element elementor-element-2h7wjkx elementor-section-boxed elementor-section-height-default elementor-section-height-default default-style\" data-id=\"2h7wjkx\" data-element_type=\"section\" data-e-type=\"section\" data-settings=\"{&quot;rt_color_sets&quot;:&quot;default-style&quot;}\">\n\t\t\t\t\t\t<div class=\"elementor-container elementor-column-gap-default\">\n\t\t\t\t\t<div class=\"elementor-column elementor-col-50 elementor-top-column elementor-element elementor-element-pqz6ha5\" data-id=\"pqz6ha5\" data-element_type=\"column\" data-e-type=\"column\">\n\t\t\t<div class=\"elementor-widget-wrap elementor-element-populated\">\n\t\t\t\t\t\t<div class=\"elementor-element elementor-element-czwqhrl elementor-widget elementor-widget-rt-heading\" data-id=\"czwqhrl\" data-element_type=\"widget\" data-e-type=\"widget\" data-widget_type=\"rt-heading.default\">\n\t\t\t\t<div class=\"elementor-widget-container\">\n\t\t\t\t\t<div class=\"rt-heading-wrapper style-2\">\n\t\t\t\t\t\t<H4 class=\"rt-heading style-2\" >Misja<\/H4>\n\t\t\t\t\t<\/div>\t\t\t\t<\/div>\n\t\t\t\t<\/div>\n\t\t\t\t\t<\/div>\n\t\t<\/div>\n\t\t\t\t<div class=\"elementor-column elementor-col-50 elementor-top-column elementor-element elementor-element-dgipf7y\" data-id=\"dgipf7y\" data-element_type=\"column\" data-e-type=\"column\">\n\t\t\t<div class=\"elementor-widget-wrap elementor-element-populated\">\n\t\t\t\t\t\t<div class=\"elementor-element elementor-element-rwezeui elementor-widget elementor-widget-text-editor\" data-id=\"rwezeui\" data-element_type=\"widget\" data-e-type=\"widget\" data-widget_type=\"text-editor.default\">\n\t\t\t\t<div class=\"elementor-widget-container\">\n\t\t\t\t\t\t\t\t\t<p><span style=\"font-weight: 400;\">Celem istnienia PGC jest zapewnienie polskim firmom mo\u017cliwo\u015bci skutecznego dzia\u0142ania na rosn\u0105cych rynkach pozaeuropejskich, przy jednoczesnym optymalizowaniu koszt\u00f3w i minimalizowaniu ryzyka. <br \/>PGC swoje cel realizuje poprzez: <\/span><\/p>\t\t\t\t\t\t\t\t<\/div>\n\t\t\t\t<\/div>\n\t\t\t\t<div class=\"elementor-element elementor-element-qmgddwa elementor-icon-list--layout-traditional elementor-list-item-link-full_width elementor-widget elementor-widget-icon-list\" data-id=\"qmgddwa\" data-element_type=\"widget\" data-e-type=\"widget\" data-widget_type=\"icon-list.default\">\n\t\t\t\t<div class=\"elementor-widget-container\">\n\t\t\t\t\t\t\t<ul class=\"elementor-icon-list-items\">\n\t\t\t\t\t\t\t<li class=\"elementor-icon-list-item\">\n\t\t\t\t\t\t\t\t\t\t\t<span class=\"elementor-icon-list-icon\">\n\t\t\t\t\t\t\t<svg aria-hidden=\"true\" class=\"e-font-icon-svg e-fas-check\" viewBox=\"0 0 512 512\" xmlns=\"http:\/\/www.w3.org\/2000\/svg\"><path d=\"M173.898 439.404l-166.4-166.4c-9.997-9.997-9.997-26.206 0-36.204l36.203-36.204c9.997-9.998 26.207-9.998 36.204 0L192 312.69 432.095 72.596c9.997-9.997 26.207-9.997 36.204 0l36.203 36.204c9.997 9.997 9.997 26.206 0 36.204l-294.4 294.401c-9.998 9.997-26.207 9.997-36.204-.001z\"><\/path><\/svg>\t\t\t\t\t\t<\/span>\n\t\t\t\t\t\t\t\t\t\t<span class=\"elementor-icon-list-text\">Budow\u0119 sieci polskich salon\u00f3w promocyjnych na rynkach docelowych;<\/span>\n\t\t\t\t\t\t\t\t\t<\/li>\n\t\t\t\t\t\t\t\t<li class=\"elementor-icon-list-item\">\n\t\t\t\t\t\t\t\t\t\t\t<span class=\"elementor-icon-list-icon\">\n\t\t\t\t\t\t\t<svg aria-hidden=\"true\" class=\"e-font-icon-svg e-fas-check\" viewBox=\"0 0 512 512\" xmlns=\"http:\/\/www.w3.org\/2000\/svg\"><path d=\"M173.898 439.404l-166.4-166.4c-9.997-9.997-9.997-26.206 0-36.204l36.203-36.204c9.997-9.998 26.207-9.998 36.204 0L192 312.69 432.095 72.596c9.997-9.997 26.207-9.997 36.204 0l36.203 36.204c9.997 9.997 9.997 26.206 0 36.204l-294.4 294.401c-9.998 9.997-26.207 9.997-36.204-.001z\"><\/path><\/svg>\t\t\t\t\t\t<\/span>\n\t\t\t\t\t\t\t\t\t\t<span class=\"elementor-icon-list-text\">Uruchomienie centrum wsparcia eksportu;<\/span>\n\t\t\t\t\t\t\t\t\t<\/li>\n\t\t\t\t\t\t<\/ul>\n\t\t\t\t\t\t<\/div>\n\t\t\t\t<\/div>\n\t\t\t\t\t<\/div>\n\t\t<\/div>\n\t\t\t\t\t<\/div>\n\t\t<\/section>\n\t\t\t\t<section class=\"elementor-section elementor-top-section elementor-element elementor-element-gpmj21k elementor-section-boxed elementor-section-height-default elementor-section-height-default default-style\" data-id=\"gpmj21k\" data-element_type=\"section\" data-e-type=\"section\" data-settings=\"{&quot;rt_color_sets&quot;:&quot;default-style&quot;}\">\n\t\t\t\t\t\t<div class=\"elementor-container elementor-column-gap-default\">\n\t\t\t\t\t<div class=\"elementor-column elementor-col-50 elementor-top-column elementor-element elementor-element-50idcy7\" data-id=\"50idcy7\" data-element_type=\"column\" data-e-type=\"column\">\n\t\t\t<div class=\"elementor-widget-wrap elementor-element-populated\">\n\t\t\t\t\t\t<div class=\"elementor-element elementor-element-3pulc7e elementor-widget elementor-widget-rt-heading\" data-id=\"3pulc7e\" data-element_type=\"widget\" data-e-type=\"widget\" data-widget_type=\"rt-heading.default\">\n\t\t\t\t<div class=\"elementor-widget-container\">\n\t\t\t\t\t<div class=\"rt-heading-wrapper style-2\">\n\t\t\t\t\t\t<H4 class=\"rt-heading style-2\" >Nasze warto\u015bci<\/H4>\n\t\t\t\t\t<\/div>\t\t\t\t<\/div>\n\t\t\t\t<\/div>\n\t\t\t\t\t<\/div>\n\t\t<\/div>\n\t\t\t\t<div class=\"elementor-column elementor-col-50 elementor-top-column elementor-element elementor-element-px9nxqo\" data-id=\"px9nxqo\" data-element_type=\"column\" data-e-type=\"column\">\n\t\t\t<div class=\"elementor-widget-wrap elementor-element-populated\">\n\t\t\t\t\t\t<div class=\"elementor-element elementor-element-56pjcfw elementor-widget elementor-widget-rt-testimonial-carousel\" data-id=\"56pjcfw\" data-element_type=\"widget\" data-e-type=\"widget\" data-widget_type=\"rt-testimonial-carousel.default\">\n\t\t\t\t<div class=\"elementor-widget-container\">\n\t\t\t\t\t\r\n\t\t\t\t<div id=\"testimonial-dynamicID-162856\" class=\"rt-carousel carousel-holder clearfix testimonial-carousel testimonials left rt_lightbox_gallery\" data-item-width=\"2\" data-nav=\"true\" data-dots=\"\" data-margin=\"25\" data-autoplay=\"\" data-timeout=\"5000\" data-thumbnails=\"false\" data-boxed=\"\" data-min-height=\"\" data-padding=\"0\" data-loop=\"\" data-tablet-item-width=\"\" data-mobile-item-width=\"\">\r\n\t\t\t\t\t<div class=\"owl-carousel\">\r\n\t\t\t\t\t\t<div><div class=\"testimonial item has-image\">\n\n<div class=\"text\">\n\t<span class=\"quote\">&#8220;<\/span>\n\t<h6>Si\u0142a do\u015bwiadczenia i odpowiedzialno\u015b\u0107<\/h6>\tJako spe\u0142niony biznesmen, kt\u00f3ry do\u015bwiadcza\u0142 na swojej drodze wielu sukces\u00f3w i pora\u017cek, mam ambicj\u0119 by zrealizowa\u0107 d\u0142ugofalowy projekt tworz\u0105cy wymierne, ale r\u00f3wnie\u017c  i te \"niepoliczalne\" warto\u015bci dla jego uczestnik\u00f3w.\r\nTym projektem jest PGC. \t\n<\/div>\n\n\n\n\t<div class=\"testimonial-footer\">\n\t\t<div class=\"client-image\">\n\t\t\t<img fetchpriority=\"high\" decoding=\"async\" src=\"https:\/\/globalconnect.info.pl\/wp-content\/uploads\/2016\/06\/DSC_4452-e1733687996687-400x400.jpg\" alt=\"\" class=\"\" width=\"400\" height=\"400\" \/>\t\t<\/div>\n\n\t\t<div class=\"client-info\">\n\t\t\t<h6>Wojciech Spychalski<\/h6>\n\t\t\t<span>Prezes<\/span>\t\t\n\t\t\t\t\t\t\t\n\t\t\t<span>PGC<\/span>\t\n\t\t<\/div>\n\t<\/div>\n<\/div>\n<\/div><div><div class=\"testimonial item has-image has-image\">\n\n<div class=\"text\">\n\t<span class=\"quote\">&#8220;<\/span>\n\t<h6>Kreatywno\u015bc i odwaga<\/h6>\tPGC jest sum\u0105 do\u015bwiadcze\u0144 grupy wyj\u0105tkowych ludzi. W swojej aktywno\u015bci zawsze stara\u0142em si\u0119  wdra\u017ca\u0107 innowacyjne rozwi\u0105zania i wiem jak trudno by\u0107 pionierem. Obecnie, dzi\u0119ki sile naszego zespo\u0142u wiem, \u017ce uda nam si\u0119 skutecznie zrealizowa\u0107 idee, kt\u00f3re niesie ze sob\u0105 PGC.\t\n<\/div>\n\n\n\n\t<div class=\"testimonial-footer\">\n\t\t<div class=\"client-image\">\n\t\t\t<img decoding=\"async\" src=\"https:\/\/globalconnect.info.pl\/wp-content\/uploads\/2024\/12\/przemek-e1733687413666-400x400.jpg\" alt=\"\" class=\"\" width=\"400\" height=\"400\" \/>\t\t<\/div>\n\n\t\t<div class=\"client-info\">\n\t\t\t<h6>Przemek Skrzypek<\/h6>\n\t\t\t<span>CEO<\/span>\t\t\n\t\t\t\t\t\t\t\n\t\t\t<span>PGC<\/span>\t\n\t\t<\/div>\n\t<\/div>\n<\/div>\n<\/div>\r\n\t\t\t\t\t<\/div>\r\n\t\t\t\t\t\r\n\t\t\t\t\t\r\n\t\t\t\t<\/div>\r\n\t\t\t\t\t\t\t<\/div>\n\t\t\t\t<\/div>\n\t\t\t\t\t<\/div>\n\t\t<\/div>\n\t\t\t\t\t<\/div>\n\t\t<\/section>\n\t\t\t\t<\/div>\n\t\t","protected":false},"excerpt":{"rendered":"<p>O Nas Poland Global Connect to nowoczesna platforma stworzona z my\u015bl\u0105 o polskich przedsi\u0119biorcach, kt\u00f3rzy chc\u0105 zaistnie\u0107 na rynkach mi\u0119dzynarodowych. Inicjatywa ta odpowiada na potrzeby wsp\u00f3\u0142czesnego biznesu, wspieraj\u0105c polskie firmy w promocji za granic\u0105 oraz w dzia\u0142aniach z zakresu dyplomacji gospodarczej. Poland Global Connect to odpowied\u017a na globalne wyzwania i nowe perspektywy rozwoju dla polskich [&hellip;]<\/p>\n","protected":false},"author":1,"featured_media":0,"parent":0,"menu_order":0,"comment_status":"closed","ping_status":"closed","template":"","meta":{"footnotes":""},"class_list":["post-4170","page","type-page","status-publish","hentry"],"_links":{"self":[{"href":"https:\/\/globalconnect.info.pl\/index.php?rest_route=\/wp\/v2\/pages\/4170","targetHints":{"allow":["GET"]}}],"collection":[{"href":"https:\/\/globalconnect.info.pl\/index.php?rest_route=\/wp\/v2\/pages"}],"about":[{"href":"https:\/\/globalconnect.info.pl\/index.php?rest_route=\/wp\/v2\/types\/page"}],"author":[{"embeddable":true,"href":"https:\/\/globalconnect.info.pl\/index.php?rest_route=\/wp\/v2\/users\/1"}],"replies":[{"embeddable":true,"href":"https:\/\/globalconnect.info.pl\/index.php?rest_route=%2Fwp%2Fv2%2Fcomments&post=4170"}],"version-history":[{"count":89,"href":"https:\/\/globalconnect.info.pl\/index.php?rest_route=\/wp\/v2\/pages\/4170\/revisions"}],"predecessor-version":[{"id":5477,"href":"https:\/\/globalconnect.info.pl\/index.php?rest_route=\/wp\/v2\/pages\/4170\/revisions\/5477"}],"wp:attachment":[{"href":"https:\/\/globalconnect.info.pl\/index.php?rest_route=%2Fwp%2Fv2%2Fmedia&parent=4170"}],"curies":[{"name":"wp","href":"https:\/\/api.w.org\/{rel}","templated":true}]}}